{"id":2351,"date":"2021-06-22T14:03:29","date_gmt":"2021-06-22T12:03:29","guid":{"rendered":"https:\/\/www.temps-de-vivre.com\/camping-familial-dordogne\/"},"modified":"2025-12-29T18:53:20","modified_gmt":"2025-12-29T17:53:20","slug":"familie-camping-dordogne","status":"publish","type":"page","link":"https:\/\/www.temps-de-vivre.com\/nl\/familie-camping-dordogne\/","title":{"rendered":"Le Camping : Activit\u00e9s"},"content":{"rendered":"<section id=\"section-60ec5a0069191\"\" class=\"section home-first bg-white\" \/><div class=\"container extralarge\"><h1 class=\"element section-title center color1\">Camping familiale Dordogne<\/h1><div class=\"element bloc-text center \">\n\t<p>De gezellige gezinscamping familiecamping le Temps de Vivre *** is de ideale plek voor een geslaagde gezinsvakantie in de Dordogne. Het campingteam zal u hartelijk ontvangen. Het beboste en natuurlijke domein nodigt uit tot ontspanning, de zwembaden en de animaties zorgen ervoor dat de goede stemming binnen het domein heerst. Voor een weekend, een paar dagen of een paar weken, verblijf midden in de natuur en geniet van elk moment van uw vakantie met ruime en comfortabele accommodatie, leuke structuren en diverse gezinsactiviteiten. Of u nu met z&#8217;n twee\u00ebn bent, met het gezin of met een stam, u zult hier aan de poorten van Sarlat een geslaagd en onvergetelijk verblijf hebben.<br \/>\n<strong class=\"bold color4\">Vele activiteiten<\/strong> worden u aangeboden, zowel binnen als buiten de camping.<\/p>\n<\/div><\/div><\/section>\n\n<section id=\"section-60ec5a00693fd\"\" class=\"section home-second bg-color3 p-t-0 p-b-0\" \/><div class=\"container full\"><div class=\"colonnes-wrap valign-middle \"><div class=\"element colonne w-40\"><h2 class=\"element section-title center underline color1\">Badplaatsen in Salignac-Eyvigues<\/h2><div class=\"element bloc-text justify \">\n\t<p><strong class=\"bold color4\">On-site<\/strong>:<\/p>\n<ul>\n<li>Verwarmd binnenzwembad :<br \/>\n(15 m x 7 m): open en van 10.00 tot 20.00 uur zodat u er nog van kunt genieten als u terugkomt van uw wandelingen.<\/li>\n<li>Waadbad: geanimeerd door een waterspuwend zeepaardje en een kleurrijke glijbaan, alles onder het geamuseerde oog van Nemo geschilderd door onze plaatselijke schilder Daniel Pujola (zie sectie workshops).<\/li>\n<\/ul>\n<p><strong class=\"bold color4\">Nabij<\/strong>:<\/p>\n<ul>\n<li>Rivier (de Dordogne) op 15 km<\/li>\n<li>Tamni\u00e8s watervliegtuig op 17 km<\/li>\n<li>Le Rocher de la Cave in Carsac Aillac op 22 km van de camping<\/li>\n<li>Watervlakte van Lamothe-F\u00e9nelon op 23 km<\/li>\n<\/ul>\n<\/div><\/div><div class=\"element colonne w-60\"><div class=\"element images\"><div class=\"image\"><img decoding=\"async\" src=\"https:\/\/www.temps-de-vivre.com\/wp-content\/uploads\/2025\/07\/20250405_101600-1-100x75.jpg\" data-src=\"https:\/\/www.temps-de-vivre.com\/wp-content\/uploads\/2025\/07\/20250405_101600-1-scaled.jpg\" alt=\"\" class=\"images_image\" \/><\/div><\/div><\/div><\/div><\/div><\/section>\n\n<section id=\"section-60ec5a006963a\"\" class=\"section home-third bg-white\" \/><div class=\"container full\"><div class=\"colonnes-wrap valign-middle p-0\"><div class=\"element colonne p-0\"><div class=\"element images\"><div class=\"image\"><img decoding=\"async\" src=\"https:\/\/www.temps-de-vivre.com\/wp-content\/uploads\/2025\/11\/DSC_1804-100x75.jpg\" data-src=\"https:\/\/www.temps-de-vivre.com\/wp-content\/uploads\/2025\/11\/DSC_1804-scaled.jpg\" alt=\"\" class=\"images_image\" \/><\/div><\/div><\/div><div class=\"element colonne p-5\"><h2 class=\"element section-title center color1 underline\">Recreatiemogelijkheden op de camping in de P\u00e9rigord<\/h2><div class=\"element bloc-text justify \">\n\t<p>U vindt op de <a href=\"\/nl\/\">camping Dordogne<\/a> :<\/p>\n<ul>\n<li>Speelruimte voor kinderen (onder toezicht van de ouders)<\/li>\n<li>Opblaasbaar spel<\/li>\n<li>Ping-Pong<\/li>\n<li>Babyvoetbal, flipperkast, biljart tegen betaling<\/li>\n<li>P\u00e9tanquebaan<\/li>\n<li>Activiteitenveld (homeball, badminton, enz..)<\/li>\n<\/ul>\n<p>*N.B.: uitlening van pingpongrackets, badmintonrackets en shuttlecocks, petanqueballen en -ballen.<\/p>\n<\/div><\/div><\/div><\/div><\/section>\n\n<section id=\"section-60ec52e1787ac\"\" class=\"section home-seven bg-white\" \/><div class=\"container full\"><div class=\"colonnes-wrap valign-middle p-0\"><div class=\"element colonne p-5\"><h2 class=\"element section-title center color1 underline\">Animatie op de camping Salignac<\/h2><div class=\"element bloc-text justify \">\n\t<ul>\n<li style=\"list-style-type: none;\">\n<ul>\n<li><strong class=\"bold color4\">Acties voor de kleintjes<\/strong>:<\/li>\n<\/ul>\n<\/li>\n<\/ul>\n<p>2 workshops per week in juli-augustus onder leiding van plaatselijke kunstenaars (moza\u00efek en schilderen): kinderen van 6 tot 12 jaar (deelname van 2\u20ac voor het materiaal).<\/p>\n<p>Deze workshops, die elk jaar worden vernieuwd, bieden iedereen de mogelijkheid om met hun creatie als souvenir naar huis te gaan.<\/p>\n<ul>\n<li style=\"list-style-type: none;\">\n<ul>\n<li><strong class=\"bold color4\">Activiteiten voor volwassenen<\/strong>:<\/li>\n<\/ul>\n<\/li>\n<\/ul>\n<p>2 extra workshops per week in juli en augustus onder leiding van professionals:\u00a0 inleiding tot mandenmaken en een workshop balsem maken van geneeskrachtige planten.<\/p>\n<ul>\n<li style=\"list-style-type: none;\">\n<ul>\n<li><strong class=\"bold color4\">Vrijetijdsactiviteiten voor iedereen<\/strong>:<\/li>\n<\/ul>\n<\/li>\n<\/ul>\n<p>Cultuur voor de smaakpapillen, de ogen en de oren: uw avonddiner of buffet met catering en animatie (concerten of voorstellingen).<br \/>\nEen keer per week in juli en augustus.<\/p>\n<\/div><\/div><div class=\"element colonne p-0\"><div class=\"element images\"><div class=\"image\"><img decoding=\"async\" src=\"https:\/\/www.temps-de-vivre.com\/wp-content\/uploads\/2021\/07\/spectacle-100x75.jpg\" data-src=\"https:\/\/www.temps-de-vivre.com\/wp-content\/uploads\/2021\/07\/spectacle.jpg\" alt=\"spectacle\" class=\"images_image\" \/><\/div><\/div><\/div><\/div><\/div><\/section>\n\n<section id=\"section-60ec543badaea\"\" class=\"section home-second bg-color3 p-t-0 p-b-0\" \/><div class=\"container full\"><div class=\"colonnes-wrap valign-middle \"><div class=\"element colonne w-60\"><div class=\"element images\"><div class=\"image\"><img decoding=\"async\" src=\"https:\/\/www.temps-de-vivre.com\/wp-content\/uploads\/2022\/01\/DSC_00662-100x75.jpg\" data-src=\"https:\/\/www.temps-de-vivre.com\/wp-content\/uploads\/2022\/01\/DSC_00662.jpg\" alt=\"\" class=\"images_image\" \/><\/div><\/div><\/div><div class=\"element colonne w-40\"><div class=\"element bloc-text justify \">\n\t<p style=\"text-align: center;\"><strong class=\"bold color4\">Nog meer ontspanning<\/strong>, nog meer tonus! In onze ruimte gewijd aan het welzijn: 3 heerlijke ontspanningsvoorstellen (op afspraak bij de receptie):<br \/>\nontspannende en energieke massage,<br \/>\nhandmatig gezicht tillen,<br \/>\nOntspannende voetreflexologie.<\/p>\n<p style=\"text-align: center;\">Doe jezelf dus geen tekort voor een bijzonder moment verzorgd door B\u00e9n\u00e9dicte, een wellnessmasseur! Als u meer informatie wilt over de ontspannende momenten, ga dan naar de website van B\u00e9n\u00e9dicte &#8220;een lucht van welzijn&#8221; en u zult naar de camping komen alleen voor haar, en ook voor ons! <\/p>\n<p>Activiteiten in Salignac-Eyvigues en de Dordogne:<\/p>\n<ul>\n<li>Wandelen<\/li>\n<li>Mountainbiken<\/li>\n<li>Tennis (op 800 m)<\/li>\n<li>Karting (2 km afstand)<\/li>\n<li>Equitatie (6 km afstand)<\/li>\n<li>Vijvervissen (6km afstand)<\/li>\n<li>Kano\u00ebn en\/of kajakken (op 15 km afstand)<\/li>\n<li>Mooi strand aan de rand van de Dordogne (op 15 km)<\/li>\n<li>Fietspad (16 km afstand)<\/li>\n<li>Golf (18 km afstand)<\/li>\n<li>Klimmen (28 km afstand)<\/li>\n<\/ul>\n<\/div><\/div><\/div><\/div><\/section>\n\n<section id=\"section-60ed53d4b8893\"\" class=\"section bg-white\" \/><div class=\"container extralarge\"><div class=\"element section-title center title-cta\">Ontdek de verschillende activiteiten en diensten die worden aangeboden <\/div><ul class=\"liste-de-page\"><li class=\"element call-to-action carre call-to-action--style-1 call-to-action--big\"><a href=\"https:\/\/www.temps-de-vivre.com\/nl\/vakantie-ideeen\/\"  class=\"call-to-action_link\" title=\"En savoir plus sur idee\u00ebn voor een verblijf in de dordogne\"><div class=\"call-to-action_image\"><img decoding=\"async\" src=\"https:\/\/www.temps-de-vivre.com\/wp-content\/uploads\/2021\/06\/a-voir-a-faire-perigord-noir-100x92.jpg\" data-src=\"https:\/\/www.temps-de-vivre.com\/wp-content\/uploads\/2021\/06\/a-voir-a-faire-perigord-noir.jpg\" alt=\"a voir a faire perigord noir\" class=\"big\" \/><\/div><div class=\"call-to-action_contenu\"><div class=\"call-to-action_titre\">Idee\u00ebn voor een verblijf in de Dordogne<\/div><\/div><\/a><\/li><li class=\"element call-to-action carre call-to-action--style-1 call-to-action--big call-to-action--style-1 call-to-action--big\"><a href=\"https:\/\/www.temps-de-vivre.com\/nl\/faciliteiten\/\"  class=\"call-to-action_link\" title=\"En savoir plus sur camping diensten\"><div class=\"call-to-action_image\"><img decoding=\"async\" src=\"https:\/\/www.temps-de-vivre.com\/wp-content\/uploads\/2021\/06\/restaurant-dordogne-100x75.jpg\" data-src=\"https:\/\/www.temps-de-vivre.com\/wp-content\/uploads\/2021\/06\/restaurant-dordogne.jpg\" alt=\"restaurant dordogne\" class=\"big\" \/><\/div><div class=\"call-to-action_contenu\"><div class=\"call-to-action_titre\">Camping diensten<\/div><\/div><\/a><\/li><li class=\"element call-to-action carre call-to-action--style-1 call-to-action--big call-to-action--style-1 call-to-action--big call-to-action--style-1 call-to-action--big\"><a href=\"https:\/\/www.temps-de-vivre.com\/nl\/camping-dordogne-met-zwembad\/\"  class=\"call-to-action_link\" title=\"En savoir plus sur campingplatsens pool\"><div class=\"call-to-action_image\"><img decoding=\"async\" src=\"https:\/\/www.temps-de-vivre.com\/wp-content\/uploads\/2026\/02\/camping-piscine-couverte-dordogne-100x26.jpg\" data-src=\"https:\/\/www.temps-de-vivre.com\/wp-content\/uploads\/2026\/02\/camping-piscine-couverte-dordogne.jpg\" alt=\"camping piscine couverte dordogne\" class=\"big\" \/><\/div><div class=\"call-to-action_contenu\"><div class=\"call-to-action_titre\">Campingplatsens pool<\/div><\/div><\/a><\/li><\/ul><\/div><\/section>","protected":false},"excerpt":{"rendered":"","protected":false},"author":1,"featured_media":2766,"parent":0,"menu_order":0,"comment_status":"closed","ping_status":"closed","template":"","meta":{"_acf_changed":false,"footnotes":""},"class_list":["post-2351","page","type-page","status-publish","has-post-thumbnail","hentry"],"acf":[],"yoast_head":"<!-- This site is optimized with the Yoast SEO plugin v21.8.1 - https:\/\/yoast.com\/wordpress\/plugins\/seo\/ -->\n<title>Familiecamping Dordogne - Stacaravan gezinscamping Dordogne<\/title>\n<meta name=\"description\" content=\"Onze activiteiten: verwarmd zwembad, speeltuin, tafeltennis, tafelvoetbal, biljart, petanque, volleybal, animatie voor kinderen en volwassenen, massages. Dinnershows voor het hele gezin.\" \/>\n<meta name=\"robots\" content=\"index, follow, max-snippet:-1, max-image-preview:large, max-video-preview:-1\" \/>\n<link rel=\"canonical\" href=\"https:\/\/www.temps-de-vivre.com\/nl\/familie-camping-dordogne\/\" \/>\n<meta property=\"og:locale\" content=\"nl_NL\" \/>\n<meta property=\"og:type\" content=\"article\" \/>\n<meta property=\"og:title\" content=\"Familiecamping Dordogne - Stacaravan gezinscamping Dordogne\" \/>\n<meta property=\"og:description\" content=\"Onze activiteiten: verwarmd zwembad, speeltuin, tafeltennis, tafelvoetbal, biljart, petanque, volleybal, animatie voor kinderen en volwassenen, massages. Dinnershows voor het hele gezin.\" \/>\n<meta property=\"og:url\" content=\"https:\/\/www.temps-de-vivre.com\/nl\/familie-camping-dordogne\/\" \/>\n<meta property=\"og:site_name\" content=\"Camping Le Temps de Vivre\" \/>\n<meta property=\"article:modified_time\" content=\"2025-12-29T17:53:20+00:00\" \/>\n<meta property=\"og:image\" content=\"https:\/\/www.temps-de-vivre.com\/wp-content\/uploads\/2021\/09\/camping-sarlat-1.jpg\" \/>\n\t<meta property=\"og:image:width\" content=\"1900\" \/>\n\t<meta property=\"og:image:height\" content=\"450\" \/>\n\t<meta property=\"og:image:type\" content=\"image\/jpeg\" \/>\n<meta name=\"twitter:card\" content=\"summary_large_image\" \/>\n<meta name=\"twitter:label1\" content=\"Geschatte leestijd\" \/>\n\t<meta name=\"twitter:data1\" content=\"1 minuut\" \/>\n<script type=\"application\/ld+json\" class=\"yoast-schema-graph\">{\"@context\":\"https:\/\/schema.org\",\"@graph\":[{\"@type\":\"WebPage\",\"@id\":\"https:\/\/www.temps-de-vivre.com\/nl\/familie-camping-dordogne\/\",\"url\":\"https:\/\/www.temps-de-vivre.com\/nl\/familie-camping-dordogne\/\",\"name\":\"Familiecamping Dordogne - Stacaravan gezinscamping Dordogne\",\"isPartOf\":{\"@id\":\"https:\/\/www.temps-de-vivre.com\/nl\/#website\"},\"datePublished\":\"2021-06-22T12:03:29+00:00\",\"dateModified\":\"2025-12-29T17:53:20+00:00\",\"description\":\"Onze activiteiten: verwarmd zwembad, speeltuin, tafeltennis, tafelvoetbal, biljart, petanque, volleybal, animatie voor kinderen en volwassenen, massages. Dinnershows voor het hele gezin.\",\"breadcrumb\":{\"@id\":\"https:\/\/www.temps-de-vivre.com\/nl\/familie-camping-dordogne\/#breadcrumb\"},\"inLanguage\":\"nl-NL\",\"potentialAction\":[{\"@type\":\"ReadAction\",\"target\":[\"https:\/\/www.temps-de-vivre.com\/nl\/familie-camping-dordogne\/\"]}]},{\"@type\":\"BreadcrumbList\",\"@id\":\"https:\/\/www.temps-de-vivre.com\/nl\/familie-camping-dordogne\/#breadcrumb\",\"itemListElement\":[{\"@type\":\"ListItem\",\"position\":1,\"name\":\"Camping P\u00e9rigord Noir\",\"item\":\"https:\/\/www.temps-de-vivre.com\/nl\/\"},{\"@type\":\"ListItem\",\"position\":2,\"name\":\"Alle activiteiten in Salignac-Eyvigues\"}]},{\"@type\":\"WebSite\",\"@id\":\"https:\/\/www.temps-de-vivre.com\/nl\/#website\",\"url\":\"https:\/\/www.temps-de-vivre.com\/nl\/\",\"name\":\"Camping Le Temps de Vivre\",\"description\":\"\",\"publisher\":{\"@id\":\"https:\/\/www.temps-de-vivre.com\/nl\/#organization\"},\"potentialAction\":[{\"@type\":\"SearchAction\",\"target\":{\"@type\":\"EntryPoint\",\"urlTemplate\":\"https:\/\/www.temps-de-vivre.com\/nl\/?s={search_term_string}\"},\"query-input\":\"required name=search_term_string\"}],\"inLanguage\":\"nl-NL\"},{\"@type\":\"Organization\",\"@id\":\"https:\/\/www.temps-de-vivre.com\/nl\/#organization\",\"name\":\"Camping Le Temps de Vivre\",\"url\":\"https:\/\/www.temps-de-vivre.com\/nl\/\",\"logo\":{\"@type\":\"ImageObject\",\"inLanguage\":\"nl-NL\",\"@id\":\"https:\/\/www.temps-de-vivre.com\/nl\/#\/schema\/logo\/image\/\",\"url\":\"https:\/\/www.temps-de-vivre.com\/wp-content\/uploads\/2021\/09\/camping-sarlat-dordogne-2.png\",\"contentUrl\":\"https:\/\/www.temps-de-vivre.com\/wp-content\/uploads\/2021\/09\/camping-sarlat-dordogne-2.png\",\"width\":1500,\"height\":800,\"caption\":\"Camping Le Temps de Vivre\"},\"image\":{\"@id\":\"https:\/\/www.temps-de-vivre.com\/nl\/#\/schema\/logo\/image\/\"}}]}<\/script>\n<!-- \/ Yoast SEO plugin. -->","yoast_head_json":{"title":"Familiecamping Dordogne - Stacaravan gezinscamping Dordogne","description":"Onze activiteiten: verwarmd zwembad, speeltuin, tafeltennis, tafelvoetbal, biljart, petanque, volleybal, animatie voor kinderen en volwassenen, massages. Dinnershows voor het hele gezin.","robots":{"index":"index","follow":"follow","max-snippet":"max-snippet:-1","max-image-preview":"max-image-preview:large","max-video-preview":"max-video-preview:-1"},"canonical":"https:\/\/www.temps-de-vivre.com\/nl\/familie-camping-dordogne\/","og_locale":"nl_NL","og_type":"article","og_title":"Familiecamping Dordogne - Stacaravan gezinscamping Dordogne","og_description":"Onze activiteiten: verwarmd zwembad, speeltuin, tafeltennis, tafelvoetbal, biljart, petanque, volleybal, animatie voor kinderen en volwassenen, massages. Dinnershows voor het hele gezin.","og_url":"https:\/\/www.temps-de-vivre.com\/nl\/familie-camping-dordogne\/","og_site_name":"Camping Le Temps de Vivre","article_modified_time":"2025-12-29T17:53:20+00:00","og_image":[{"width":1900,"height":450,"url":"https:\/\/www.temps-de-vivre.com\/wp-content\/uploads\/2021\/09\/camping-sarlat-1.jpg","type":"image\/jpeg"}],"twitter_card":"summary_large_image","twitter_misc":{"Geschatte leestijd":"1 minuut"},"schema":{"@context":"https:\/\/schema.org","@graph":[{"@type":"WebPage","@id":"https:\/\/www.temps-de-vivre.com\/nl\/familie-camping-dordogne\/","url":"https:\/\/www.temps-de-vivre.com\/nl\/familie-camping-dordogne\/","name":"Familiecamping Dordogne - Stacaravan gezinscamping Dordogne","isPartOf":{"@id":"https:\/\/www.temps-de-vivre.com\/nl\/#website"},"datePublished":"2021-06-22T12:03:29+00:00","dateModified":"2025-12-29T17:53:20+00:00","description":"Onze activiteiten: verwarmd zwembad, speeltuin, tafeltennis, tafelvoetbal, biljart, petanque, volleybal, animatie voor kinderen en volwassenen, massages. Dinnershows voor het hele gezin.","breadcrumb":{"@id":"https:\/\/www.temps-de-vivre.com\/nl\/familie-camping-dordogne\/#breadcrumb"},"inLanguage":"nl-NL","potentialAction":[{"@type":"ReadAction","target":["https:\/\/www.temps-de-vivre.com\/nl\/familie-camping-dordogne\/"]}]},{"@type":"BreadcrumbList","@id":"https:\/\/www.temps-de-vivre.com\/nl\/familie-camping-dordogne\/#breadcrumb","itemListElement":[{"@type":"ListItem","position":1,"name":"Camping P\u00e9rigord Noir","item":"https:\/\/www.temps-de-vivre.com\/nl\/"},{"@type":"ListItem","position":2,"name":"Alle activiteiten in Salignac-Eyvigues"}]},{"@type":"WebSite","@id":"https:\/\/www.temps-de-vivre.com\/nl\/#website","url":"https:\/\/www.temps-de-vivre.com\/nl\/","name":"Camping Le Temps de Vivre","description":"","publisher":{"@id":"https:\/\/www.temps-de-vivre.com\/nl\/#organization"},"potentialAction":[{"@type":"SearchAction","target":{"@type":"EntryPoint","urlTemplate":"https:\/\/www.temps-de-vivre.com\/nl\/?s={search_term_string}"},"query-input":"required name=search_term_string"}],"inLanguage":"nl-NL"},{"@type":"Organization","@id":"https:\/\/www.temps-de-vivre.com\/nl\/#organization","name":"Camping Le Temps de Vivre","url":"https:\/\/www.temps-de-vivre.com\/nl\/","logo":{"@type":"ImageObject","inLanguage":"nl-NL","@id":"https:\/\/www.temps-de-vivre.com\/nl\/#\/schema\/logo\/image\/","url":"https:\/\/www.temps-de-vivre.com\/wp-content\/uploads\/2021\/09\/camping-sarlat-dordogne-2.png","contentUrl":"https:\/\/www.temps-de-vivre.com\/wp-content\/uploads\/2021\/09\/camping-sarlat-dordogne-2.png","width":1500,"height":800,"caption":"Camping Le Temps de Vivre"},"image":{"@id":"https:\/\/www.temps-de-vivre.com\/nl\/#\/schema\/logo\/image\/"}}]}},"_links":{"self":[{"href":"https:\/\/www.temps-de-vivre.com\/nl\/wp-json\/wp\/v2\/pages\/2351","targetHints":{"allow":["GET"]}}],"collection":[{"href":"https:\/\/www.temps-de-vivre.com\/nl\/wp-json\/wp\/v2\/pages"}],"about":[{"href":"https:\/\/www.temps-de-vivre.com\/nl\/wp-json\/wp\/v2\/types\/page"}],"author":[{"embeddable":true,"href":"https:\/\/www.temps-de-vivre.com\/nl\/wp-json\/wp\/v2\/users\/1"}],"replies":[{"embeddable":true,"href":"https:\/\/www.temps-de-vivre.com\/nl\/wp-json\/wp\/v2\/comments?post=2351"}],"version-history":[{"count":28,"href":"https:\/\/www.temps-de-vivre.com\/nl\/wp-json\/wp\/v2\/pages\/2351\/revisions"}],"predecessor-version":[{"id":5579,"href":"https:\/\/www.temps-de-vivre.com\/nl\/wp-json\/wp\/v2\/pages\/2351\/revisions\/5579"}],"wp:featuredmedia":[{"embeddable":true,"href":"https:\/\/www.temps-de-vivre.com\/nl\/wp-json\/wp\/v2\/media\/2766"}],"wp:attachment":[{"href":"https:\/\/www.temps-de-vivre.com\/nl\/wp-json\/wp\/v2\/media?parent=2351"}],"curies":[{"name":"wp","href":"https:\/\/api.w.org\/{rel}","templated":true}]}}