{"id":2179,"date":"2021-06-22T14:03:29","date_gmt":"2021-06-22T12:03:29","guid":{"rendered":"https:\/\/www.temps-de-vivre.com\/camping-familial-dordogne\/"},"modified":"2025-12-29T18:53:41","modified_gmt":"2025-12-29T17:53:41","slug":"family-campsite-dordogne","status":"publish","type":"page","link":"https:\/\/www.temps-de-vivre.com\/en\/family-campsite-dordogne\/","title":{"rendered":"Le Camping : Activit\u00e9s"},"content":{"rendered":"<section id=\"section-60ec5a0069191\"\" class=\"section home-first bg-white\" \/><div class=\"container extralarge\"><h1 class=\"element section-title center color1\">Family campsite in Dordogne<\/h1><div class=\"element bloc-text center \">\n\t<p>Bathed in a friendly atmosphere, the family campsite le Temps de Vivre *** is the perfect place to spend a great family holiday in the Dordogne. H\u00e9l\u00e8ne &amp; J\u00e9r\u00f4me will give you a warm welcome. The wooded and natural domain invites you to relax, the swimming pools and the animations make the good mood reign inside the domain. For a weekend, a few days or a few weeks, stay in the heart of nature and enjoy every moment of your holiday with spacious and comfortable accommodation, fun facilities and various family activities. Whether you are a couple, a family or a tribe, you will have a successful and unforgettable stay here at the gates of Sarlat.<br \/>\n<strong class=\"bold color4\">Many activities<\/strong> are offered to you, both inside and outside the campsite.<\/p>\n<\/div><\/div><\/section>\n\n<section id=\"section-60ec5a00693fd\"\" class=\"section home-second bg-color3 p-t-0 p-b-0\" \/><div class=\"container full\"><div class=\"colonnes-wrap valign-middle \"><div class=\"element colonne w-40\"><h2 class=\"element section-title center underline color1\">Bathing places in Salignac-Eyvigues<\/h2><div class=\"element bloc-text justify \">\n\t<p><strong class=\"bold color4\">On-site<\/strong>:<\/p>\n<ul>\n<li>Heated indoor swimming pool :<br \/>\n(15 m x 7 m): open from 10am to 8pm to still enjoy it when you return from your walks.<\/li>\n<li>Wading pool: animated by a water-spitting seahorse and a colourful slide, all under the amused eye of Nemo painted by our local painter Daniel Pujola (see workshop section).<\/li>\n<\/ul>\n<p><strong class=\"bold color4\">Nearby<\/strong>:<\/p>\n<ul>\n<li>River (The Dordogne) at 15 km<\/li>\n<li>Tamni\u00e8s water plane at 17 km<\/li>\n<li>Le Rocher de la Cave in Carsac Aillac at 22 km from the campsite<\/li>\n<li>Water plane of Lamothe-F\u00e9nelon at 23 km<\/li>\n<\/ul>\n<\/div><\/div><div class=\"element colonne w-60\"><div class=\"element images\"><div class=\"image\"><img decoding=\"async\" src=\"https:\/\/www.temps-de-vivre.com\/wp-content\/uploads\/2025\/07\/20250405_101600-1-100x75.jpg\" data-src=\"https:\/\/www.temps-de-vivre.com\/wp-content\/uploads\/2025\/07\/20250405_101600-1-scaled.jpg\" alt=\"\" class=\"images_image\" \/><\/div><\/div><\/div><\/div><\/div><\/section>\n\n<section id=\"section-60ec5a006963a\"\" class=\"section home-third bg-white\" \/><div class=\"container full\"><div class=\"colonnes-wrap valign-middle p-0\"><div class=\"element colonne p-0\"><div class=\"element images\"><div class=\"image\"><img decoding=\"async\" src=\"https:\/\/www.temps-de-vivre.com\/wp-content\/uploads\/2025\/11\/DSC_1804-100x75.jpg\" data-src=\"https:\/\/www.temps-de-vivre.com\/wp-content\/uploads\/2025\/11\/DSC_1804-scaled.jpg\" alt=\"\" class=\"images_image\" \/><\/div><\/div><\/div><div class=\"element colonne p-5\"><h2 class=\"element section-title center color1 underline\">Leisure facilities at the campsite in the P\u00e9rigord<\/h2><div class=\"element bloc-text justify \">\n\t<p>You will find on the <a href=\"\/en\/\">camping Dordogne<\/a> :<\/p>\n<ul>\n<li>Children&#8217;s play area (under parents&#8217; supervision)<\/li>\n<li>Inflatable game<\/li>\n<li>Ping-Pong<\/li>\n<li>Baby football, pinball, pool table for a fee<\/li>\n<li>P\u00e9tanque court<\/li>\n<li>Activity court (homeball, badminton, etc..)<\/li>\n<\/ul>\n<p>*Note: loan of ping-pong rackets, badminton rackets and shuttlecocks, petanque balls and balls.<\/p>\n<\/div><\/div><\/div><\/div><\/section>\n\n<section id=\"section-60ec52e1787ac\"\" class=\"section home-seven bg-white\" \/><div class=\"container full\"><div class=\"colonnes-wrap valign-middle p-0\"><div class=\"element colonne p-5\"><h2 class=\"element section-title center color1 underline\">Entertainment at camping Salignac<\/h2><div class=\"element bloc-text justify \">\n\t<ul>\n<li style=\"list-style-type: none;\">\n<ul>\n<li><strong class=\"bold color4\">Actions for the little ones (5-12 years) <\/strong>:<\/li>\n<\/ul>\n<\/li>\n<\/ul>\n<p>2 workshops per week in July-August led by local artists (mosaic and painting): children from 6 to 12 years old (participation of 2\u20ac for the material).<\/p>\n<p>These workshops, renewed each year, allow everyone to leave with their creation as a souvenir.<\/p>\n<ul>\n<li style=\"list-style-type: none;\">\n<ul>\n<li><strong class=\"bold color4\">Activities for adults (+ 8years) <\/strong>:<\/li>\n<\/ul>\n<\/li>\n<\/ul>\n<p>2 additional workshops per week in July and August led by professionals: introduction to basket-making\u00a0and a workshop on making balm from medicinal plants.<\/p>\n<ul>\n<li style=\"list-style-type: none;\">\n<ul>\n<li><strong class=\"bold color4\">Leisure activities for all<\/strong>:<\/li>\n<\/ul>\n<\/li>\n<\/ul>\n<p>Culture of the taste buds, eyes and ears: your evening dinner with entertainment (concerts or shows).<br \/>\nOnce a week in July and August.<\/p>\n<\/div><\/div><div class=\"element colonne p-0\"><div class=\"element images\"><div class=\"image\"><img decoding=\"async\" src=\"https:\/\/www.temps-de-vivre.com\/wp-content\/uploads\/2021\/07\/spectacle-100x75.jpg\" data-src=\"https:\/\/www.temps-de-vivre.com\/wp-content\/uploads\/2021\/07\/spectacle.jpg\" alt=\"spectacle\" class=\"images_image\" \/><\/div><\/div><\/div><\/div><\/div><\/section>\n\n<section id=\"section-60ec543badaea\"\" class=\"section home-second bg-color3 p-t-0 p-b-0\" \/><div class=\"container full\"><div class=\"colonnes-wrap valign-middle \"><div class=\"element colonne w-60\"><div class=\"element images\"><div class=\"image\"><img decoding=\"async\" src=\"https:\/\/www.temps-de-vivre.com\/wp-content\/uploads\/2022\/01\/DSC_00662-100x75.jpg\" data-src=\"https:\/\/www.temps-de-vivre.com\/wp-content\/uploads\/2022\/01\/DSC_00662.jpg\" alt=\"\" class=\"images_image\" \/><\/div><\/div><\/div><div class=\"element colonne w-40\"><div class=\"element bloc-text justify \">\n\t<p style=\"text-align: center;\"><strong class=\"bold color4\">Even more relaxation<\/strong>, even more tonus! In our space dedicated to well-being: 3 great relaxation proposals (by appointment at the reception):<br \/>\nrelaxing and energetic massage,<br \/>\nmanual face lifting,<br \/>\nRelaxing foot reflexology.<\/p>\n<p style=\"text-align: center;\">So don&#8217;t deprive yourself of a special moment provided by B\u00e9n\u00e9dicte, a wellness massage practitioner! If you would like more information on the relaxing moments, go to B\u00e9n\u00e9dicte&#8217;s website &#8220;an air of well-being&#8221; and you will come to the campsite only for her, and also for us!<\/p>\n<p>Activities in Salignac-Eyvigues and the Dordogne:<\/p>\n<ul>\n<li>Hiking<\/li>\n<li>Mountain biking<\/li>\n<li>Tennis (at 800 m)<\/li>\n<li>Karting (2 km away)<\/li>\n<li>Equitation (6 km away)<\/li>\n<li>Pond fishing (6km away)<\/li>\n<li>Canoeing and\/or kayaking (15 km away)<\/li>\n<li>Beach on the edge of the Dordogne (15 km away)<\/li>\n<li>Bike path (16 km away)<\/li>\n<li>Golf (18 km away)<\/li>\n<li>Climbing (28 km away)<\/li>\n<\/ul>\n<\/div><\/div><\/div><\/div><\/section>\n\n<section id=\"section-60ed53d4b8893\"\" class=\"section bg-white\" \/><div class=\"container extralarge\"><div class=\"element section-title center title-cta\">Discover the different activities and services offered <\/div><ul class=\"liste-de-page\"><li class=\"element call-to-action carre call-to-action--style-1 call-to-action--big\"><a href=\"https:\/\/www.temps-de-vivre.com\/en\/holidays-ideas\/\"  class=\"call-to-action_link\" title=\"En savoir plus sur ideas for holidays in dordogne\"><div class=\"call-to-action_image\"><img decoding=\"async\" src=\"https:\/\/www.temps-de-vivre.com\/wp-content\/uploads\/2021\/06\/a-voir-a-faire-perigord-noir-100x92.jpg\" data-src=\"https:\/\/www.temps-de-vivre.com\/wp-content\/uploads\/2021\/06\/a-voir-a-faire-perigord-noir.jpg\" alt=\"a voir a faire perigord noir\" class=\"big\" \/><\/div><div class=\"call-to-action_contenu\"><div class=\"call-to-action_titre\">Ideas for holidays in Dordogne<\/div><\/div><\/a><\/li><li class=\"element call-to-action carre call-to-action--style-1 call-to-action--big call-to-action--style-1 call-to-action--big\"><a href=\"https:\/\/www.temps-de-vivre.com\/en\/services\/\"  class=\"call-to-action_link\" title=\"En savoir plus sur campsite services\"><div class=\"call-to-action_image\"><img decoding=\"async\" src=\"https:\/\/www.temps-de-vivre.com\/wp-content\/uploads\/2021\/06\/restaurant-dordogne-100x75.jpg\" data-src=\"https:\/\/www.temps-de-vivre.com\/wp-content\/uploads\/2021\/06\/restaurant-dordogne.jpg\" alt=\"restaurant dordogne\" class=\"big\" \/><\/div><div class=\"call-to-action_contenu\"><div class=\"call-to-action_titre\">Campsite services<\/div><\/div><\/a><\/li><li class=\"element call-to-action carre call-to-action--style-1 call-to-action--big call-to-action--style-1 call-to-action--big call-to-action--style-1 call-to-action--big\"><a href=\"https:\/\/www.temps-de-vivre.com\/en\/dordogne-campsite-with-swimming-pool\/\"  class=\"call-to-action_link\" title=\"En savoir plus sur the campsite swimming pool\"><div class=\"call-to-action_image\"><img decoding=\"async\" src=\"https:\/\/www.temps-de-vivre.com\/wp-content\/uploads\/2026\/02\/camping-piscine-couverte-dordogne-100x26.jpg\" data-src=\"https:\/\/www.temps-de-vivre.com\/wp-content\/uploads\/2026\/02\/camping-piscine-couverte-dordogne.jpg\" alt=\"camping piscine couverte dordogne\" class=\"big\" \/><\/div><div class=\"call-to-action_contenu\"><div class=\"call-to-action_titre\">The campsite swimming pool<\/div><\/div><\/a><\/li><\/ul><\/div><\/section>","protected":false},"excerpt":{"rendered":"","protected":false},"author":1,"featured_media":2767,"parent":0,"menu_order":0,"comment_status":"closed","ping_status":"closed","template":"","meta":{"_acf_changed":false,"footnotes":""},"class_list":["post-2179","page","type-page","status-publish","has-post-thumbnail","hentry"],"acf":[],"yoast_head":"<!-- This site is optimized with the Yoast SEO plugin v21.8.1 - https:\/\/yoast.com\/wordpress\/plugins\/seo\/ -->\n<title>Family campsite in Dordogne - Family mobile home rental in Dordogne<\/title>\n<meta name=\"description\" content=\"Our activities: heated swimming pool, playground, table tennis, table football, billiards, p\u00e9tanque, volleyball, entertainment for children and adults, massages. Dinner shows for the whole family.\" \/>\n<meta name=\"robots\" content=\"index, follow, max-snippet:-1, max-image-preview:large, max-video-preview:-1\" \/>\n<link rel=\"canonical\" href=\"https:\/\/www.temps-de-vivre.com\/en\/family-campsite-dordogne\/\" \/>\n<meta property=\"og:locale\" content=\"en_US\" \/>\n<meta property=\"og:type\" content=\"article\" \/>\n<meta property=\"og:title\" content=\"Family campsite in Dordogne - Family mobile home rental in Dordogne\" \/>\n<meta property=\"og:description\" content=\"Our activities: heated swimming pool, playground, table tennis, table football, billiards, p\u00e9tanque, volleyball, entertainment for children and adults, massages. Dinner shows for the whole family.\" \/>\n<meta property=\"og:url\" content=\"https:\/\/www.temps-de-vivre.com\/en\/family-campsite-dordogne\/\" \/>\n<meta property=\"og:site_name\" content=\"Camping Le Temps de Vivre\" \/>\n<meta property=\"article:modified_time\" content=\"2025-12-29T17:53:41+00:00\" \/>\n<meta property=\"og:image\" content=\"https:\/\/www.temps-de-vivre.com\/wp-content\/uploads\/2021\/09\/camping-sarlat-1.jpg\" \/>\n\t<meta property=\"og:image:width\" content=\"1900\" \/>\n\t<meta property=\"og:image:height\" content=\"450\" \/>\n\t<meta property=\"og:image:type\" content=\"image\/jpeg\" \/>\n<meta name=\"twitter:card\" content=\"summary_large_image\" \/>\n<meta name=\"twitter:label1\" content=\"Est. reading time\" \/>\n\t<meta name=\"twitter:data1\" content=\"1 minute\" \/>\n<script type=\"application\/ld+json\" class=\"yoast-schema-graph\">{\"@context\":\"https:\/\/schema.org\",\"@graph\":[{\"@type\":\"WebPage\",\"@id\":\"https:\/\/www.temps-de-vivre.com\/en\/family-campsite-dordogne\/\",\"url\":\"https:\/\/www.temps-de-vivre.com\/en\/family-campsite-dordogne\/\",\"name\":\"Family campsite in Dordogne - Family mobile home rental in Dordogne\",\"isPartOf\":{\"@id\":\"https:\/\/www.temps-de-vivre.com\/en\/#website\"},\"datePublished\":\"2021-06-22T12:03:29+00:00\",\"dateModified\":\"2025-12-29T17:53:41+00:00\",\"description\":\"Our activities: heated swimming pool, playground, table tennis, table football, billiards, p\u00e9tanque, volleyball, entertainment for children and adults, massages. Dinner shows for the whole family.\",\"breadcrumb\":{\"@id\":\"https:\/\/www.temps-de-vivre.com\/en\/family-campsite-dordogne\/#breadcrumb\"},\"inLanguage\":\"en-US\",\"potentialAction\":[{\"@type\":\"ReadAction\",\"target\":[\"https:\/\/www.temps-de-vivre.com\/en\/family-campsite-dordogne\/\"]}]},{\"@type\":\"BreadcrumbList\",\"@id\":\"https:\/\/www.temps-de-vivre.com\/en\/family-campsite-dordogne\/#breadcrumb\",\"itemListElement\":[{\"@type\":\"ListItem\",\"position\":1,\"name\":\"Camping P\u00e9rigord Noir\",\"item\":\"https:\/\/www.temps-de-vivre.com\/en\/\"},{\"@type\":\"ListItem\",\"position\":2,\"name\":\"All activities in Salignac-Eyvigues\"}]},{\"@type\":\"WebSite\",\"@id\":\"https:\/\/www.temps-de-vivre.com\/en\/#website\",\"url\":\"https:\/\/www.temps-de-vivre.com\/en\/\",\"name\":\"Camping Le Temps de Vivre\",\"description\":\"\",\"publisher\":{\"@id\":\"https:\/\/www.temps-de-vivre.com\/en\/#organization\"},\"potentialAction\":[{\"@type\":\"SearchAction\",\"target\":{\"@type\":\"EntryPoint\",\"urlTemplate\":\"https:\/\/www.temps-de-vivre.com\/en\/?s={search_term_string}\"},\"query-input\":\"required name=search_term_string\"}],\"inLanguage\":\"en-US\"},{\"@type\":\"Organization\",\"@id\":\"https:\/\/www.temps-de-vivre.com\/en\/#organization\",\"name\":\"Camping Le Temps de Vivre\",\"url\":\"https:\/\/www.temps-de-vivre.com\/en\/\",\"logo\":{\"@type\":\"ImageObject\",\"inLanguage\":\"en-US\",\"@id\":\"https:\/\/www.temps-de-vivre.com\/en\/#\/schema\/logo\/image\/\",\"url\":\"https:\/\/www.temps-de-vivre.com\/wp-content\/uploads\/2021\/09\/camping-sarlat-dordogne-2.png\",\"contentUrl\":\"https:\/\/www.temps-de-vivre.com\/wp-content\/uploads\/2021\/09\/camping-sarlat-dordogne-2.png\",\"width\":1500,\"height\":800,\"caption\":\"Camping Le Temps de Vivre\"},\"image\":{\"@id\":\"https:\/\/www.temps-de-vivre.com\/en\/#\/schema\/logo\/image\/\"}}]}<\/script>\n<!-- \/ Yoast SEO plugin. -->","yoast_head_json":{"title":"Family campsite in Dordogne - Family mobile home rental in Dordogne","description":"Our activities: heated swimming pool, playground, table tennis, table football, billiards, p\u00e9tanque, volleyball, entertainment for children and adults, massages. Dinner shows for the whole family.","robots":{"index":"index","follow":"follow","max-snippet":"max-snippet:-1","max-image-preview":"max-image-preview:large","max-video-preview":"max-video-preview:-1"},"canonical":"https:\/\/www.temps-de-vivre.com\/en\/family-campsite-dordogne\/","og_locale":"en_US","og_type":"article","og_title":"Family campsite in Dordogne - Family mobile home rental in Dordogne","og_description":"Our activities: heated swimming pool, playground, table tennis, table football, billiards, p\u00e9tanque, volleyball, entertainment for children and adults, massages. Dinner shows for the whole family.","og_url":"https:\/\/www.temps-de-vivre.com\/en\/family-campsite-dordogne\/","og_site_name":"Camping Le Temps de Vivre","article_modified_time":"2025-12-29T17:53:41+00:00","og_image":[{"width":1900,"height":450,"url":"https:\/\/www.temps-de-vivre.com\/wp-content\/uploads\/2021\/09\/camping-sarlat-1.jpg","type":"image\/jpeg"}],"twitter_card":"summary_large_image","twitter_misc":{"Est. reading time":"1 minute"},"schema":{"@context":"https:\/\/schema.org","@graph":[{"@type":"WebPage","@id":"https:\/\/www.temps-de-vivre.com\/en\/family-campsite-dordogne\/","url":"https:\/\/www.temps-de-vivre.com\/en\/family-campsite-dordogne\/","name":"Family campsite in Dordogne - Family mobile home rental in Dordogne","isPartOf":{"@id":"https:\/\/www.temps-de-vivre.com\/en\/#website"},"datePublished":"2021-06-22T12:03:29+00:00","dateModified":"2025-12-29T17:53:41+00:00","description":"Our activities: heated swimming pool, playground, table tennis, table football, billiards, p\u00e9tanque, volleyball, entertainment for children and adults, massages. Dinner shows for the whole family.","breadcrumb":{"@id":"https:\/\/www.temps-de-vivre.com\/en\/family-campsite-dordogne\/#breadcrumb"},"inLanguage":"en-US","potentialAction":[{"@type":"ReadAction","target":["https:\/\/www.temps-de-vivre.com\/en\/family-campsite-dordogne\/"]}]},{"@type":"BreadcrumbList","@id":"https:\/\/www.temps-de-vivre.com\/en\/family-campsite-dordogne\/#breadcrumb","itemListElement":[{"@type":"ListItem","position":1,"name":"Camping P\u00e9rigord Noir","item":"https:\/\/www.temps-de-vivre.com\/en\/"},{"@type":"ListItem","position":2,"name":"All activities in Salignac-Eyvigues"}]},{"@type":"WebSite","@id":"https:\/\/www.temps-de-vivre.com\/en\/#website","url":"https:\/\/www.temps-de-vivre.com\/en\/","name":"Camping Le Temps de Vivre","description":"","publisher":{"@id":"https:\/\/www.temps-de-vivre.com\/en\/#organization"},"potentialAction":[{"@type":"SearchAction","target":{"@type":"EntryPoint","urlTemplate":"https:\/\/www.temps-de-vivre.com\/en\/?s={search_term_string}"},"query-input":"required name=search_term_string"}],"inLanguage":"en-US"},{"@type":"Organization","@id":"https:\/\/www.temps-de-vivre.com\/en\/#organization","name":"Camping Le Temps de Vivre","url":"https:\/\/www.temps-de-vivre.com\/en\/","logo":{"@type":"ImageObject","inLanguage":"en-US","@id":"https:\/\/www.temps-de-vivre.com\/en\/#\/schema\/logo\/image\/","url":"https:\/\/www.temps-de-vivre.com\/wp-content\/uploads\/2021\/09\/camping-sarlat-dordogne-2.png","contentUrl":"https:\/\/www.temps-de-vivre.com\/wp-content\/uploads\/2021\/09\/camping-sarlat-dordogne-2.png","width":1500,"height":800,"caption":"Camping Le Temps de Vivre"},"image":{"@id":"https:\/\/www.temps-de-vivre.com\/en\/#\/schema\/logo\/image\/"}}]}},"_links":{"self":[{"href":"https:\/\/www.temps-de-vivre.com\/en\/wp-json\/wp\/v2\/pages\/2179","targetHints":{"allow":["GET"]}}],"collection":[{"href":"https:\/\/www.temps-de-vivre.com\/en\/wp-json\/wp\/v2\/pages"}],"about":[{"href":"https:\/\/www.temps-de-vivre.com\/en\/wp-json\/wp\/v2\/types\/page"}],"author":[{"embeddable":true,"href":"https:\/\/www.temps-de-vivre.com\/en\/wp-json\/wp\/v2\/users\/1"}],"replies":[{"embeddable":true,"href":"https:\/\/www.temps-de-vivre.com\/en\/wp-json\/wp\/v2\/comments?post=2179"}],"version-history":[{"count":30,"href":"https:\/\/www.temps-de-vivre.com\/en\/wp-json\/wp\/v2\/pages\/2179\/revisions"}],"predecessor-version":[{"id":5580,"href":"https:\/\/www.temps-de-vivre.com\/en\/wp-json\/wp\/v2\/pages\/2179\/revisions\/5580"}],"wp:featuredmedia":[{"embeddable":true,"href":"https:\/\/www.temps-de-vivre.com\/en\/wp-json\/wp\/v2\/media\/2767"}],"wp:attachment":[{"href":"https:\/\/www.temps-de-vivre.com\/en\/wp-json\/wp\/v2\/media?parent=2179"}],"curies":[{"name":"wp","href":"https:\/\/api.w.org\/{rel}","templated":true}]}}